{"id":12,"date":"2009-08-13T12:01:38","date_gmt":"2009-08-13T10:01:38","guid":{"rendered":"http:\/\/eichenhof-nordhorn.de\/?page_id=12"},"modified":"2024-02-19T09:36:36","modified_gmt":"2024-02-19T07:36:36","slug":"impressum","status":"publish","type":"page","link":"https:\/\/eichenhof-nordhorn.de\/index.php\/impressum\/","title":{"rendered":"Impressum"},"content":{"rendered":"<h2>Impressum<\/h2>\n<h2>Angaben gem\u00e4\u00df \u00a7 5 TMG:<\/h2>\n<p>GFJ Gesellschaft f\u00fcr Jugendhilfe Ingrid G\u00f6ken, Sarah Marks eGbR<br \/>\nHohenk\u00f6rbener Weg 85<br \/>\n48527 Nordhorn<\/p>\n<h2>Vertreten durch:<\/h2>\n<p>Ingrid G\u00f6ken oder Sarah Marks eGbR<\/p>\n<h2>Kontakt:<\/h2>\n<p>Telefon: (05921) 8223-0<br \/>\nTelefax: (05921) 8223-19<br \/>\nE-Mail: kontakt@eichenhof-nordhorn.de<\/p>\n<h2>Aufsichtsbeh\u00f6rde:<\/h2>\n<p>Nieders\u00e4chsisches Landesamt f\u00fcr Soziales, Jugend und Familie &#8211; Au\u00dfenstelle Hannover &#8211;<br \/>\nSchiffgraben 30-32<br \/>\n30175 Hannover<\/p>\n<p><a href=\"https:\/\/www.soziales.niedersachsen.de\/startseite\/kinder_jugend_familie\/landesjugendamt\/\" target=\"_blank\" rel=\"noopener\">https:\/\/www.soziales.niedersachsen.de\/startseite\/kinder_jugend_familie\/landesjugendamt\/<\/a><\/p>\n<h2>Angaben zur Berufshaftpflichtversicherung<\/h2>\n<p>Name und Sitz des Versicherers:<br \/>\nR + V Allgemeine Versicherung AG<\/p>\n<p>Mittlerer Pfad 24<\/p>\n<p>70499 Stuttgart<\/p>\n<p>Geltungsraum der Versicherung: Deutschland<\/p>\n<h2>Streitschlichtung<\/h2>\n<p>Die Europ\u00e4ische Kommission stellt eine Plattform zur Online-Streitbeilegung (OS) bereit: <a href=\"https:\/\/ec.europa.eu\/consumers\/odr\" target=\"_blank\" rel=\"noopener\">https:\/\/ec.europa.eu\/consumers\/odr<\/a>.<br \/>\nUnsere E-Mail-Adresse finden Sie oben im Impressum.<\/p>\n<p>Wir sind nicht bereit oder verpflichtet, an Streitbeilegungsverfahren vor einer Verbraucherschlichtungsstelle teilzunehmen.<\/p>\n<h3>Haftung f\u00fcr Inhalte<\/h3>\n<p>Als Diensteanbieter sind wir gem\u00e4\u00df \u00a7 7 Abs.1 TMG f\u00fcr eigene Inhalte auf diesen Seiten nach den allgemeinen Gesetzen verantwortlich. Nach \u00a7\u00a7 8 bis 10 TMG sind wir als Diensteanbieter jedoch nicht verpflichtet, \u00fcbermittelte oder gespeicherte fremde Informationen zu \u00fcberwachen oder nach Umst\u00e4nden zu forschen, die auf eine rechtswidrige T\u00e4tigkeit hinweisen.<\/p>\n<p>Verpflichtungen zur Entfernung oder Sperrung der Nutzung von Informationen nach den allgemeinen Gesetzen bleiben hiervon unber\u00fchrt. Eine diesbez\u00fcgliche Haftung ist jedoch erst ab dem Zeitpunkt der Kenntnis einer konkreten Rechtsverletzung m\u00f6glich. Bei Bekanntwerden von entsprechenden Rechtsverletzungen werden wir diese Inhalte umgehend entfernen.<\/p>\n<h3>Haftung f\u00fcr Links<\/h3>\n<p>Unser Angebot enth\u00e4lt Links zu externen Websites Dritter, auf deren Inhalte wir keinen Einfluss haben. Deshalb k\u00f6nnen wir f\u00fcr diese fremden Inhalte auch keine Gew\u00e4hr \u00fcbernehmen. F\u00fcr die Inhalte der verlinkten Seiten ist stets der jeweilige Anbieter oder Betreiber der Seiten verantwortlich. Die verlinkten Seiten wurden zum Zeitpunkt der Verlinkung auf m\u00f6gliche Rechtsverst\u00f6\u00dfe \u00fcberpr\u00fcft. Rechtswidrige Inhalte waren zum Zeitpunkt der Verlinkung nicht erkennbar.<\/p>\n<p>Eine permanente inhaltliche Kontrolle der verlinkten Seiten ist jedoch ohne konkrete Anhaltspunkte einer Rechtsverletzung nicht zumutbar. Bei Bekanntwerden von Rechtsverletzungen werden wir derartige Links umgehend entfernen.<\/p>\n<h3>Urheberrecht<\/h3>\n<p>Die durch die Seitenbetreiber erstellten Inhalte und Werke auf diesen Seiten unterliegen dem deutschen Urheberrecht. Die Vervielf\u00e4ltigung, Bearbeitung, Verbreitung und jede Art der Verwertung au\u00dferhalb der Grenzen des Urheberrechtes bed\u00fcrfen der schriftlichen Zustimmung des jeweiligen Autors bzw. Erstellers. Downloads und Kopien dieser Seite sind nur f\u00fcr den privaten, nicht kommerziellen Gebrauch gestattet.<\/p>\n<p>Soweit die Inhalte auf dieser Seite nicht vom Betreiber erstellt wurden, werden die Urheberrechte Dritter beachtet. Insbesondere werden Inhalte Dritter als solche gekennzeichnet. Sollten Sie trotzdem auf eine Urheberrechtsverletzung aufmerksam werden, bitten wir um einen entsprechenden Hinweis. Bei Bekanntwerden von Rechtsverletzungen werden wir derartige Inhalte umgehend entfernen.<\/p>\n","protected":false},"excerpt":{"rendered":"<p>Impressum Angaben gem\u00e4\u00df \u00a7 5 TMG: GFJ Gesellschaft f\u00fcr Jugendhilfe Ingrid G\u00f6ken, Sarah Marks eGbR Hohenk\u00f6rbener Weg 85 48527 Nordhorn Vertreten durch: Ingrid G\u00f6ken oder Sarah Marks eGbR Kontakt: Telefon: (05921) 8223-0 Telefax: (05921) 8223-19 E-Mail: kontakt@eichenhof-nordhorn.de Aufsichtsbeh\u00f6rde: Nieders\u00e4chsisches Landesamt f\u00fcr Soziales, Jugend und Familie &#8211; Au\u00dfenstelle Hannover &#8211; Schiffgraben 30-32 30175 Hannover https:\/\/www.soziales.niedersachsen.de\/startseite\/kinder_jugend_familie\/landesjugendamt\/ Angaben [&hellip;]<\/p>\n","protected":false},"author":1,"featured_media":0,"parent":0,"menu_order":0,"comment_status":"closed","ping_status":"closed","template":"","meta":{"footnotes":""},"_links":{"self":[{"href":"https:\/\/eichenhof-nordhorn.de\/index.php\/wp-json\/wp\/v2\/pages\/12"}],"collection":[{"href":"https:\/\/eichenhof-nordhorn.de\/index.php\/wp-json\/wp\/v2\/pages"}],"about":[{"href":"https:\/\/eichenhof-nordhorn.de\/index.php\/wp-json\/wp\/v2\/types\/page"}],"author":[{"embeddable":true,"href":"https:\/\/eichenhof-nordhorn.de\/index.php\/wp-json\/wp\/v2\/users\/1"}],"replies":[{"embeddable":true,"href":"https:\/\/eichenhof-nordhorn.de\/index.php\/wp-json\/wp\/v2\/comments?post=12"}],"version-history":[{"count":14,"href":"https:\/\/eichenhof-nordhorn.de\/index.php\/wp-json\/wp\/v2\/pages\/12\/revisions"}],"predecessor-version":[{"id":382,"href":"https:\/\/eichenhof-nordhorn.de\/index.php\/wp-json\/wp\/v2\/pages\/12\/revisions\/382"}],"wp:attachment":[{"href":"https:\/\/eichenhof-nordhorn.de\/index.php\/wp-json\/wp\/v2\/media?parent=12"}],"curies":[{"name":"wp","href":"https:\/\/api.w.org\/{rel}","templated":true}]}}