{"id":147,"date":"2009-08-27T23:56:57","date_gmt":"2009-08-27T21:56:57","guid":{"rendered":"http:\/\/eichenhof-nordhorn.de\/?page_id=147"},"modified":"2022-11-02T16:10:51","modified_gmt":"2022-11-02T14:10:51","slug":"der-eichenhof","status":"publish","type":"page","link":"https:\/\/eichenhof-nordhorn.de\/index.php\/staju-2\/der-eichenhof\/","title":{"rendered":"Der Eichenhof (Bilder)"},"content":{"rendered":"\n<h2 class=\"wp-block-heading\">Aussenansichten<\/h2>\n\n\n\n<p>Mit einem Klick auf das Bild gelangen Sie zur vergr\u00f6\u00dferten Ansicht und k\u00f6nnen sich alle Bilder ansehen.<\/p>\n\n\n\n<figure class=\"wp-block-gallery columns-3 is-cropped wp-block-gallery-1 is-layout-flex wp-block-gallery-is-layout-flex\"><ul class=\"blocks-gallery-grid\"><li class=\"blocks-gallery-item\"><figure><a href=\"https:\/\/eichenhof-nordhorn.de\/wp-content\/uploads\/2022\/11\/Eichenhof_3573-scaled.jpg\"><img loading=\"lazy\" decoding=\"async\" width=\"1024\" height=\"683\" src=\"https:\/\/eichenhof-nordhorn.de\/wp-content\/uploads\/2022\/11\/Eichenhof_3573-1024x683.jpg\" alt=\"\" data-id=\"338\" data-full-url=\"https:\/\/eichenhof-nordhorn.de\/wp-content\/uploads\/2022\/11\/Eichenhof_3573-scaled.jpg\" data-link=\"https:\/\/eichenhof-nordhorn.de\/index.php\/staju-2\/der-eichenhof\/eichenhof-nordhorn-2\/\" class=\"wp-image-338\" srcset=\"https:\/\/eichenhof-nordhorn.de\/wp-content\/uploads\/2022\/11\/Eichenhof_3573-1024x683.jpg 1024w, https:\/\/eichenhof-nordhorn.de\/wp-content\/uploads\/2022\/11\/Eichenhof_3573-300x200.jpg 300w, https:\/\/eichenhof-nordhorn.de\/wp-content\/uploads\/2022\/11\/Eichenhof_3573-768x513.jpg 768w, https:\/\/eichenhof-nordhorn.de\/wp-content\/uploads\/2022\/11\/Eichenhof_3573-1536x1025.jpg 1536w, https:\/\/eichenhof-nordhorn.de\/wp-content\/uploads\/2022\/11\/Eichenhof_3573-2048x1367.jpg 2048w\" sizes=\"(max-width: 1024px) 100vw, 1024px\" \/><\/a><\/figure><\/li><li class=\"blocks-gallery-item\"><figure><a href=\"https:\/\/eichenhof-nordhorn.de\/wp-content\/uploads\/2022\/11\/Eichenhof_3562a-scaled.jpg\"><img loading=\"lazy\" decoding=\"async\" width=\"1024\" height=\"683\" src=\"https:\/\/eichenhof-nordhorn.de\/wp-content\/uploads\/2022\/11\/Eichenhof_3562a-1024x683.jpg\" alt=\"\" data-id=\"339\" data-full-url=\"https:\/\/eichenhof-nordhorn.de\/wp-content\/uploads\/2022\/11\/Eichenhof_3562a-scaled.jpg\" data-link=\"https:\/\/eichenhof-nordhorn.de\/index.php\/staju-2\/der-eichenhof\/eichenhof-nordhorn-3\/\" class=\"wp-image-339\" srcset=\"https:\/\/eichenhof-nordhorn.de\/wp-content\/uploads\/2022\/11\/Eichenhof_3562a-1024x683.jpg 1024w, https:\/\/eichenhof-nordhorn.de\/wp-content\/uploads\/2022\/11\/Eichenhof_3562a-300x200.jpg 300w, https:\/\/eichenhof-nordhorn.de\/wp-content\/uploads\/2022\/11\/Eichenhof_3562a-768x513.jpg 768w, https:\/\/eichenhof-nordhorn.de\/wp-content\/uploads\/2022\/11\/Eichenhof_3562a-1536x1025.jpg 1536w, https:\/\/eichenhof-nordhorn.de\/wp-content\/uploads\/2022\/11\/Eichenhof_3562a-2048x1367.jpg 2048w\" sizes=\"(max-width: 1024px) 100vw, 1024px\" \/><\/a><\/figure><\/li><li class=\"blocks-gallery-item\"><figure><a href=\"https:\/\/eichenhof-nordhorn.de\/wp-content\/uploads\/2009\/08\/garten.JPG\"><img loading=\"lazy\" decoding=\"async\" width=\"700\" height=\"466\" src=\"https:\/\/eichenhof-nordhorn.de\/wp-content\/uploads\/2009\/08\/garten.JPG\" alt=\"\" data-id=\"144\" data-full-url=\"https:\/\/eichenhof-nordhorn.de\/wp-content\/uploads\/2009\/08\/garten.JPG\" data-link=\"https:\/\/eichenhof-nordhorn.de\/index.php\/staju-2\/der-eichenhof\/garten\/\" class=\"wp-image-144\" srcset=\"https:\/\/eichenhof-nordhorn.de\/wp-content\/uploads\/2009\/08\/garten.JPG 700w, https:\/\/eichenhof-nordhorn.de\/wp-content\/uploads\/2009\/08\/garten-300x199.jpg 300w\" sizes=\"(max-width: 700px) 100vw, 700px\" \/><\/a><\/figure><\/li><li class=\"blocks-gallery-item\"><figure><a href=\"https:\/\/eichenhof-nordhorn.de\/wp-content\/uploads\/2022\/11\/Eichenhof_3655-scaled.jpg\"><img loading=\"lazy\" decoding=\"async\" width=\"1024\" height=\"683\" src=\"https:\/\/eichenhof-nordhorn.de\/wp-content\/uploads\/2022\/11\/Eichenhof_3655-1024x683.jpg\" alt=\"\" data-id=\"341\" data-full-url=\"https:\/\/eichenhof-nordhorn.de\/wp-content\/uploads\/2022\/11\/Eichenhof_3655-scaled.jpg\" data-link=\"https:\/\/eichenhof-nordhorn.de\/index.php\/staju-2\/der-eichenhof\/eichenhof-nordhorn-4\/\" class=\"wp-image-341\" srcset=\"https:\/\/eichenhof-nordhorn.de\/wp-content\/uploads\/2022\/11\/Eichenhof_3655-1024x683.jpg 1024w, https:\/\/eichenhof-nordhorn.de\/wp-content\/uploads\/2022\/11\/Eichenhof_3655-300x200.jpg 300w, https:\/\/eichenhof-nordhorn.de\/wp-content\/uploads\/2022\/11\/Eichenhof_3655-768x513.jpg 768w, https:\/\/eichenhof-nordhorn.de\/wp-content\/uploads\/2022\/11\/Eichenhof_3655-1536x1025.jpg 1536w, https:\/\/eichenhof-nordhorn.de\/wp-content\/uploads\/2022\/11\/Eichenhof_3655-2048x1367.jpg 2048w\" sizes=\"(max-width: 1024px) 100vw, 1024px\" \/><\/a><\/figure><\/li><li class=\"blocks-gallery-item\"><figure><a href=\"https:\/\/eichenhof-nordhorn.de\/wp-content\/uploads\/2009\/08\/spielpl3.JPG\"><img loading=\"lazy\" decoding=\"async\" width=\"700\" height=\"468\" src=\"https:\/\/eichenhof-nordhorn.de\/wp-content\/uploads\/2009\/08\/spielpl3.JPG\" alt=\"\" data-id=\"192\" data-full-url=\"https:\/\/eichenhof-nordhorn.de\/wp-content\/uploads\/2009\/08\/spielpl3.JPG\" data-link=\"https:\/\/eichenhof-nordhorn.de\/index.php\/staju-2\/der-eichenhof\/spielpl3\/\" class=\"wp-image-192\" srcset=\"https:\/\/eichenhof-nordhorn.de\/wp-content\/uploads\/2009\/08\/spielpl3.JPG 700w, https:\/\/eichenhof-nordhorn.de\/wp-content\/uploads\/2009\/08\/spielpl3-300x200.jpg 300w\" sizes=\"(max-width: 700px) 100vw, 700px\" \/><\/a><\/figure><\/li><li class=\"blocks-gallery-item\"><figure><a href=\"https:\/\/eichenhof-nordhorn.de\/wp-content\/uploads\/2009\/08\/spielpl2.JPG\"><img loading=\"lazy\" decoding=\"async\" width=\"700\" height=\"466\" src=\"https:\/\/eichenhof-nordhorn.de\/wp-content\/uploads\/2009\/08\/spielpl2.JPG\" alt=\"\" data-id=\"191\" data-full-url=\"https:\/\/eichenhof-nordhorn.de\/wp-content\/uploads\/2009\/08\/spielpl2.JPG\" data-link=\"https:\/\/eichenhof-nordhorn.de\/index.php\/staju-2\/der-eichenhof\/spielpl2\/\" class=\"wp-image-191\" srcset=\"https:\/\/eichenhof-nordhorn.de\/wp-content\/uploads\/2009\/08\/spielpl2.JPG 700w, https:\/\/eichenhof-nordhorn.de\/wp-content\/uploads\/2009\/08\/spielpl2-300x199.jpg 300w\" sizes=\"(max-width: 700px) 100vw, 700px\" \/><\/a><\/figure><\/li><li class=\"blocks-gallery-item\"><figure><a href=\"https:\/\/eichenhof-nordhorn.de\/wp-content\/uploads\/2022\/11\/Eichenhof_3653-scaled.jpg\"><img loading=\"lazy\" decoding=\"async\" width=\"1024\" height=\"683\" src=\"https:\/\/eichenhof-nordhorn.de\/wp-content\/uploads\/2022\/11\/Eichenhof_3653-1024x683.jpg\" alt=\"\" data-id=\"342\" data-full-url=\"https:\/\/eichenhof-nordhorn.de\/wp-content\/uploads\/2022\/11\/Eichenhof_3653-scaled.jpg\" data-link=\"https:\/\/eichenhof-nordhorn.de\/index.php\/staju-2\/der-eichenhof\/eichenhof-nordhorn-5\/\" class=\"wp-image-342\" srcset=\"https:\/\/eichenhof-nordhorn.de\/wp-content\/uploads\/2022\/11\/Eichenhof_3653-1024x683.jpg 1024w, https:\/\/eichenhof-nordhorn.de\/wp-content\/uploads\/2022\/11\/Eichenhof_3653-300x200.jpg 300w, https:\/\/eichenhof-nordhorn.de\/wp-content\/uploads\/2022\/11\/Eichenhof_3653-768x513.jpg 768w, https:\/\/eichenhof-nordhorn.de\/wp-content\/uploads\/2022\/11\/Eichenhof_3653-1536x1025.jpg 1536w, https:\/\/eichenhof-nordhorn.de\/wp-content\/uploads\/2022\/11\/Eichenhof_3653-2048x1367.jpg 2048w\" sizes=\"(max-width: 1024px) 100vw, 1024px\" \/><\/a><\/figure><\/li><\/ul><\/figure>\n\n\n\n<h2 class=\"wp-block-heading\">Das Haus<\/h2>\n\n\n\n<figure class=\"wp-block-gallery columns-3 is-cropped wp-block-gallery-2 is-layout-flex wp-block-gallery-is-layout-flex\"><ul class=\"blocks-gallery-grid\"><li class=\"blocks-gallery-item\"><figure><a href=\"https:\/\/eichenhof-nordhorn.de\/wp-content\/uploads\/2009\/08\/wohn.JPG\"><img loading=\"lazy\" decoding=\"async\" width=\"700\" height=\"466\" src=\"https:\/\/eichenhof-nordhorn.de\/wp-content\/uploads\/2009\/08\/wohn.JPG\" alt=\"\" data-id=\"173\" data-full-url=\"https:\/\/eichenhof-nordhorn.de\/wp-content\/uploads\/2009\/08\/wohn.JPG\" data-link=\"https:\/\/eichenhof-nordhorn.de\/index.php\/staju-2\/der-eichenhof\/wohn\/\" class=\"wp-image-173\" srcset=\"https:\/\/eichenhof-nordhorn.de\/wp-content\/uploads\/2009\/08\/wohn.JPG 700w, https:\/\/eichenhof-nordhorn.de\/wp-content\/uploads\/2009\/08\/wohn-300x199.jpg 300w\" sizes=\"(max-width: 700px) 100vw, 700px\" \/><\/a><figcaption class=\"blocks-gallery-item__caption\">Wohnzimmer f\u00fcr gemeinsame Aktivit\u00e4ten<\/figcaption><\/figure><\/li><li class=\"blocks-gallery-item\"><figure><a href=\"https:\/\/eichenhof-nordhorn.de\/wp-content\/uploads\/2022\/11\/Eichenhof_3609-scaled.jpg\"><img loading=\"lazy\" decoding=\"async\" width=\"1024\" height=\"683\" src=\"https:\/\/eichenhof-nordhorn.de\/wp-content\/uploads\/2022\/11\/Eichenhof_3609-1024x683.jpg\" alt=\"\" data-id=\"343\" data-full-url=\"https:\/\/eichenhof-nordhorn.de\/wp-content\/uploads\/2022\/11\/Eichenhof_3609-scaled.jpg\" data-link=\"https:\/\/eichenhof-nordhorn.de\/index.php\/staju-2\/der-eichenhof\/eichenhof-nordhorn-6\/\" class=\"wp-image-343\" srcset=\"https:\/\/eichenhof-nordhorn.de\/wp-content\/uploads\/2022\/11\/Eichenhof_3609-1024x683.jpg 1024w, https:\/\/eichenhof-nordhorn.de\/wp-content\/uploads\/2022\/11\/Eichenhof_3609-300x200.jpg 300w, https:\/\/eichenhof-nordhorn.de\/wp-content\/uploads\/2022\/11\/Eichenhof_3609-768x513.jpg 768w, https:\/\/eichenhof-nordhorn.de\/wp-content\/uploads\/2022\/11\/Eichenhof_3609-1536x1025.jpg 1536w, https:\/\/eichenhof-nordhorn.de\/wp-content\/uploads\/2022\/11\/Eichenhof_3609-2048x1367.jpg 2048w\" sizes=\"(max-width: 1024px) 100vw, 1024px\" \/><\/a><\/figure><\/li><li class=\"blocks-gallery-item\"><figure><a href=\"https:\/\/eichenhof-nordhorn.de\/wp-content\/uploads\/2009\/08\/Kaminecke.JPG\"><img loading=\"lazy\" decoding=\"async\" width=\"700\" height=\"466\" src=\"https:\/\/eichenhof-nordhorn.de\/wp-content\/uploads\/2009\/08\/Kaminecke.JPG\" alt=\"\" data-id=\"195\" data-full-url=\"https:\/\/eichenhof-nordhorn.de\/wp-content\/uploads\/2009\/08\/Kaminecke.JPG\" data-link=\"https:\/\/eichenhof-nordhorn.de\/index.php\/staju-2\/der-eichenhof\/kaminecke\/\" class=\"wp-image-195\" srcset=\"https:\/\/eichenhof-nordhorn.de\/wp-content\/uploads\/2009\/08\/Kaminecke.JPG 700w, https:\/\/eichenhof-nordhorn.de\/wp-content\/uploads\/2009\/08\/Kaminecke-300x199.jpg 300w\" sizes=\"(max-width: 700px) 100vw, 700px\" \/><\/a><\/figure><\/li><li class=\"blocks-gallery-item\"><figure><a href=\"https:\/\/eichenhof-nordhorn.de\/wp-content\/uploads\/2009\/08\/zi.JPG\"><img loading=\"lazy\" decoding=\"async\" width=\"700\" height=\"466\" src=\"https:\/\/eichenhof-nordhorn.de\/wp-content\/uploads\/2009\/08\/zi.JPG\" alt=\"\" data-id=\"174\" data-full-url=\"https:\/\/eichenhof-nordhorn.de\/wp-content\/uploads\/2009\/08\/zi.JPG\" data-link=\"https:\/\/eichenhof-nordhorn.de\/index.php\/staju-2\/der-eichenhof\/zi\/\" class=\"wp-image-174\" srcset=\"https:\/\/eichenhof-nordhorn.de\/wp-content\/uploads\/2009\/08\/zi.JPG 700w, https:\/\/eichenhof-nordhorn.de\/wp-content\/uploads\/2009\/08\/zi-300x199.jpg 300w\" sizes=\"(max-width: 700px) 100vw, 700px\" \/><\/a><figcaption class=\"blocks-gallery-item__caption\">ein weiteres Zimmer<\/figcaption><\/figure><\/li><li class=\"blocks-gallery-item\"><figure><a href=\"https:\/\/eichenhof-nordhorn.de\/wp-content\/uploads\/2009\/08\/zi1.JPG\"><img loading=\"lazy\" decoding=\"async\" width=\"700\" height=\"466\" src=\"https:\/\/eichenhof-nordhorn.de\/wp-content\/uploads\/2009\/08\/zi1.JPG\" alt=\"\" data-id=\"175\" data-full-url=\"https:\/\/eichenhof-nordhorn.de\/wp-content\/uploads\/2009\/08\/zi1.JPG\" data-link=\"https:\/\/eichenhof-nordhorn.de\/index.php\/staju-2\/der-eichenhof\/zi1\/\" class=\"wp-image-175\" srcset=\"https:\/\/eichenhof-nordhorn.de\/wp-content\/uploads\/2009\/08\/zi1.JPG 700w, https:\/\/eichenhof-nordhorn.de\/wp-content\/uploads\/2009\/08\/zi1-300x199.jpg 300w\" sizes=\"(max-width: 700px) 100vw, 700px\" \/><\/a><figcaption class=\"blocks-gallery-item__caption\">Kinderzimmer<\/figcaption><\/figure><\/li><li class=\"blocks-gallery-item\"><figure><a href=\"https:\/\/eichenhof-nordhorn.de\/wp-content\/uploads\/2009\/08\/lila.JPG\"><img loading=\"lazy\" decoding=\"async\" width=\"700\" height=\"466\" src=\"https:\/\/eichenhof-nordhorn.de\/wp-content\/uploads\/2009\/08\/lila.JPG\" alt=\"\" data-id=\"180\" data-full-url=\"https:\/\/eichenhof-nordhorn.de\/wp-content\/uploads\/2009\/08\/lila.JPG\" data-link=\"https:\/\/eichenhof-nordhorn.de\/index.php\/staju-2\/der-eichenhof\/lila\/\" class=\"wp-image-180\" srcset=\"https:\/\/eichenhof-nordhorn.de\/wp-content\/uploads\/2009\/08\/lila.JPG 700w, https:\/\/eichenhof-nordhorn.de\/wp-content\/uploads\/2009\/08\/lila-300x199.jpg 300w\" sizes=\"(max-width: 700px) 100vw, 700px\" \/><\/a><\/figure><\/li><li class=\"blocks-gallery-item\"><figure><a href=\"https:\/\/eichenhof-nordhorn.de\/wp-content\/uploads\/2009\/08\/ap1.JPG\"><img loading=\"lazy\" decoding=\"async\" width=\"700\" height=\"466\" src=\"https:\/\/eichenhof-nordhorn.de\/wp-content\/uploads\/2009\/08\/ap1.JPG\" alt=\"\" data-id=\"185\" data-full-url=\"https:\/\/eichenhof-nordhorn.de\/wp-content\/uploads\/2009\/08\/ap1.JPG\" data-link=\"https:\/\/eichenhof-nordhorn.de\/index.php\/staju-2\/der-eichenhof\/ap1\/\" class=\"wp-image-185\" srcset=\"https:\/\/eichenhof-nordhorn.de\/wp-content\/uploads\/2009\/08\/ap1.JPG 700w, https:\/\/eichenhof-nordhorn.de\/wp-content\/uploads\/2009\/08\/ap1-300x199.jpg 300w\" sizes=\"(max-width: 700px) 100vw, 700px\" \/><\/a><\/figure><\/li><li class=\"blocks-gallery-item\"><figure><a href=\"https:\/\/eichenhof-nordhorn.de\/wp-content\/uploads\/2009\/08\/kicker.JPG\"><img loading=\"lazy\" decoding=\"async\" width=\"466\" height=\"700\" src=\"https:\/\/eichenhof-nordhorn.de\/wp-content\/uploads\/2009\/08\/kicker.JPG\" alt=\"\" data-id=\"193\" data-full-url=\"https:\/\/eichenhof-nordhorn.de\/wp-content\/uploads\/2009\/08\/kicker.JPG\" data-link=\"https:\/\/eichenhof-nordhorn.de\/index.php\/staju-2\/der-eichenhof\/kicker\/\" class=\"wp-image-193\" srcset=\"https:\/\/eichenhof-nordhorn.de\/wp-content\/uploads\/2009\/08\/kicker.JPG 466w, https:\/\/eichenhof-nordhorn.de\/wp-content\/uploads\/2009\/08\/kicker-199x300.jpg 199w\" sizes=\"(max-width: 466px) 100vw, 466px\" \/><\/a><\/figure><\/li><li class=\"blocks-gallery-item\"><figure><a href=\"https:\/\/eichenhof-nordhorn.de\/wp-content\/uploads\/2022\/11\/f80c543e-4f02-40d4-a375-b2250e7ead731.jpeg\"><img loading=\"lazy\" decoding=\"async\" width=\"768\" height=\"1024\" src=\"https:\/\/eichenhof-nordhorn.de\/wp-content\/uploads\/2022\/11\/f80c543e-4f02-40d4-a375-b2250e7ead731-768x1024.jpeg\" alt=\"\" data-id=\"345\" data-full-url=\"https:\/\/eichenhof-nordhorn.de\/wp-content\/uploads\/2022\/11\/f80c543e-4f02-40d4-a375-b2250e7ead731.jpeg\" data-link=\"https:\/\/eichenhof-nordhorn.de\/index.php\/staju-2\/der-eichenhof\/f80c543e-4f02-40d4-a375-b2250e7ead731\/\" class=\"wp-image-345\" srcset=\"https:\/\/eichenhof-nordhorn.de\/wp-content\/uploads\/2022\/11\/f80c543e-4f02-40d4-a375-b2250e7ead731-768x1024.jpeg 768w, https:\/\/eichenhof-nordhorn.de\/wp-content\/uploads\/2022\/11\/f80c543e-4f02-40d4-a375-b2250e7ead731-225x300.jpeg 225w, https:\/\/eichenhof-nordhorn.de\/wp-content\/uploads\/2022\/11\/f80c543e-4f02-40d4-a375-b2250e7ead731-1152x1536.jpeg 1152w, https:\/\/eichenhof-nordhorn.de\/wp-content\/uploads\/2022\/11\/f80c543e-4f02-40d4-a375-b2250e7ead731.jpeg 1200w\" sizes=\"(max-width: 768px) 100vw, 768px\" \/><\/a><\/figure><\/li><\/ul><\/figure>\n","protected":false},"excerpt":{"rendered":"<p>Aussenansichten Mit einem Klick auf das Bild gelangen Sie zur vergr\u00f6\u00dferten Ansicht und k\u00f6nnen sich alle Bilder ansehen. Das Haus<\/p>\n","protected":false},"author":1,"featured_media":0,"parent":10,"menu_order":0,"comment_status":"open","ping_status":"open","template":"","meta":{"footnotes":""},"_links":{"self":[{"href":"https:\/\/eichenhof-nordhorn.de\/index.php\/wp-json\/wp\/v2\/pages\/147"}],"collection":[{"href":"https:\/\/eichenhof-nordhorn.de\/index.php\/wp-json\/wp\/v2\/pages"}],"about":[{"href":"https:\/\/eichenhof-nordhorn.de\/index.php\/wp-json\/wp\/v2\/types\/page"}],"author":[{"embeddable":true,"href":"https:\/\/eichenhof-nordhorn.de\/index.php\/wp-json\/wp\/v2\/users\/1"}],"replies":[{"embeddable":true,"href":"https:\/\/eichenhof-nordhorn.de\/index.php\/wp-json\/wp\/v2\/comments?post=147"}],"version-history":[{"count":36,"href":"https:\/\/eichenhof-nordhorn.de\/index.php\/wp-json\/wp\/v2\/pages\/147\/revisions"}],"predecessor-version":[{"id":366,"href":"https:\/\/eichenhof-nordhorn.de\/index.php\/wp-json\/wp\/v2\/pages\/147\/revisions\/366"}],"up":[{"embeddable":true,"href":"https:\/\/eichenhof-nordhorn.de\/index.php\/wp-json\/wp\/v2\/pages\/10"}],"wp:attachment":[{"href":"https:\/\/eichenhof-nordhorn.de\/index.php\/wp-json\/wp\/v2\/media?parent=147"}],"curies":[{"name":"wp","href":"https:\/\/api.w.org\/{rel}","templated":true}]}}